{"id":167,"date":"2026-05-06T10:26:43","date_gmt":"2026-05-06T10:26:43","guid":{"rendered":"https:\/\/www.hogarsintoxicos.com\/?page_id=167"},"modified":"2026-05-06T10:30:25","modified_gmt":"2026-05-06T10:30:25","slug":"limpieza-profesional","status":"publish","type":"page","link":"https:\/\/www.hogarsintoxicos.com\/?page_id=167","title":{"rendered":"Limpieza Profesional"},"content":{"rendered":"\n<figure class=\"wp-block-image alignfull size-large\"><img loading=\"lazy\" decoding=\"async\" width=\"1024\" height=\"683\" src=\"https:\/\/www.hogarsintoxicos.com\/wp\/wp-content\/uploads\/2026\/05\/LIMPIEZA-1024x683.jpg\" alt=\"\" class=\"wp-image-170\" srcset=\"https:\/\/www.hogarsintoxicos.com\/wp\/wp-content\/uploads\/2026\/05\/LIMPIEZA-1024x683.jpg 1024w, https:\/\/www.hogarsintoxicos.com\/wp\/wp-content\/uploads\/2026\/05\/LIMPIEZA-300x200.jpg 300w, https:\/\/www.hogarsintoxicos.com\/wp\/wp-content\/uploads\/2026\/05\/LIMPIEZA-768x512.jpg 768w, https:\/\/www.hogarsintoxicos.com\/wp\/wp-content\/uploads\/2026\/05\/LIMPIEZA.jpg 1536w\" sizes=\"auto, (max-width: 1024px) 100vw, 1024px\" \/><\/figure>\n\n\n\n<h2 class=\"wp-block-heading\">Si trabajas limpiando, esto te interesa.<\/h2>\n\n\n\n<p>SI TRABAJAS LIMPIANDO, ESTO TE INTERESA<br>Lo que respiras todos los d\u00edas tambi\u00e9n importa<\/p>\n\n\n\n<p><br>Muchas personas que trabajan limpiando pasan horas en contacto con:<br>lej\u00eda,<br>amon\u00edaco,<br>detergentes,<br>ambientadores,<br>desinfectantes,<br>y perfumes intensos.<\/p>\n\n\n\n<p><br>Productos que:<br>respiramos,<br>tocan nuestra piel,<br>quedan en la ropa,<br>y permanecen en espacios cerrados durante horas.<br>Y con el tiempo muchas personas comienzan a notar:<br>dolor de cabeza,<br>cansancio,tos,<br>sensibilidad a los olores,<br>irritaci\u00f3n,<br>manos resecas,<br>o molestias respiratorias.<\/p>\n\n\n\n<p><br>Pero durante a\u00f1os se ha normalizado.<br>Un ambiente limpio no deber\u00eda hacerte sentir mal<br>No hace falta que una casa huela a qu\u00edmico fuerte para estar limpia.<\/p>\n\n\n\n<p><br>Cada vez m\u00e1s personas est\u00e1n buscando:<br>productos m\u00e1s suaves,<br>menos perfumes artificiales,<br>y alternativas m\u00e1s conscientes para limpiar.<\/p>\n\n\n\n<p><br>Especialmente quienes trabajan todos los d\u00edas con estos productos.<\/p>\n\n\n\n<p><br>Lo que muchas personas no saben<br>Cuando usamos productos agresivos durante horas:<br>el cuerpo los respira constantemente,<br>la piel entra en contacto diario,<br>y muchas veces se mezclan qu\u00edmicos sin saber realmente c\u00f3mo afectan al organismo.<br>Especialmente en:<\/p>\n\n\n\n<p><br>ba\u00f1os,<br>cocinas,<br>hoteles,<br>oficinas,<br>comunidades,<br>y espacios con poca ventilaci\u00f3n.<\/p>\n\n\n\n<p><br>Algunas se\u00f1ales que muchas personas normalizan<br>dolores de cabeza frecuentes,<br>sensaci\u00f3n de saturaci\u00f3n,<br>cansancio,<br>picor en la piel,<br>irritaci\u00f3n en las manos,<br>sensibilidad a perfumes,<br>molestias respiratorias,<br>o necesidad constante de ventilar.<\/p>\n\n\n\n<p><br>Hoy muchas personas est\u00e1n empezando a cambiar peque\u00f1as cosas<\/p>\n\n\n\n<p><br>No se trata de obsesionarse.<\/p>\n\n\n\n<p><br>Se trata de:<br>tener m\u00e1s informaci\u00f3n,<br>entender lo que usamos cada d\u00eda,<br>y encontrar alternativas m\u00e1s suaves para trabajar y vivir mejor.<\/p>\n\n\n\n<p><br>Lo que yo hice en mi hogar<br>Yo tambi\u00e9n us\u00e9 durante a\u00f1os productos convencionales pensando que era lo normal.<br>Hasta que empec\u00e9 a investigar m\u00e1s sobre:<br>fragancias,<br>qu\u00edmicos innecesarios,<br>aire interior,<br>y sensibilidad.<\/p>\n\n\n\n<p><br>Y poco a poco comenc\u00e9 a hacer cambios simples.<br>Si quieres saber qu\u00e9 cambios hice yo\u2026<\/p>\n\n\n\n<div class=\"wp-block-buttons is-layout-flex wp-block-buttons-is-layout-flex\">\n<div class=\"wp-block-button\"><a class=\"wp-block-button__link wp-element-button\">QUIERO UNA LIMPIEZA M\u00c1S SEGURA<\/a><\/div>\n<\/div>\n","protected":false},"excerpt":{"rendered":"<p>Si trabajas limpiando, esto te interesa. SI TRABAJAS LIMPIANDO, ESTO TE INTERESALo que respiras todos los d\u00edas tambi\u00e9n importa Muchas personas que trabajan limpiando pasan horas en contacto con:lej\u00eda,amon\u00edaco,detergentes,ambientadores,desinfectantes,y perfumes intensos. Productos que:respiramos,tocan nuestra piel,quedan en la ropa,y permanecen en espacios cerrados durante horas.Y con el tiempo muchas personas comienzan a notar:dolor de cabeza,cansancio,tos,sensibilidad a [&hellip;]<\/p>\n","protected":false},"author":1,"featured_media":0,"parent":0,"menu_order":0,"comment_status":"closed","ping_status":"closed","template":"","meta":{"footnotes":""},"class_list":["post-167","page","type-page","status-publish","hentry"],"_links":{"self":[{"href":"https:\/\/www.hogarsintoxicos.com\/index.php?rest_route=\/wp\/v2\/pages\/167","targetHints":{"allow":["GET"]}}],"collection":[{"href":"https:\/\/www.hogarsintoxicos.com\/index.php?rest_route=\/wp\/v2\/pages"}],"about":[{"href":"https:\/\/www.hogarsintoxicos.com\/index.php?rest_route=\/wp\/v2\/types\/page"}],"author":[{"embeddable":true,"href":"https:\/\/www.hogarsintoxicos.com\/index.php?rest_route=\/wp\/v2\/users\/1"}],"replies":[{"embeddable":true,"href":"https:\/\/www.hogarsintoxicos.com\/index.php?rest_route=%2Fwp%2Fv2%2Fcomments&post=167"}],"version-history":[{"count":3,"href":"https:\/\/www.hogarsintoxicos.com\/index.php?rest_route=\/wp\/v2\/pages\/167\/revisions"}],"predecessor-version":[{"id":173,"href":"https:\/\/www.hogarsintoxicos.com\/index.php?rest_route=\/wp\/v2\/pages\/167\/revisions\/173"}],"wp:attachment":[{"href":"https:\/\/www.hogarsintoxicos.com\/index.php?rest_route=%2Fwp%2Fv2%2Fmedia&parent=167"}],"curies":[{"name":"wp","href":"https:\/\/api.w.org\/{rel}","templated":true}]}}