{"id":175,"date":"2026-05-06T13:10:35","date_gmt":"2026-05-06T13:10:35","guid":{"rendered":"https:\/\/www.hogarsintoxicos.com\/?page_id=175"},"modified":"2026-05-06T13:19:10","modified_gmt":"2026-05-06T13:19:10","slug":"experiencias-reales","status":"publish","type":"page","link":"https:\/\/www.hogarsintoxicos.com\/?page_id=175","title":{"rendered":"Experiencias reales"},"content":{"rendered":"\n<figure class=\"wp-block-image alignfull size-large\"><img loading=\"lazy\" decoding=\"async\" width=\"1024\" height=\"683\" src=\"https:\/\/www.hogarsintoxicos.com\/wp\/wp-content\/uploads\/2026\/05\/experiencias-1024x683.jpg\" alt=\"\" class=\"wp-image-177\" srcset=\"https:\/\/www.hogarsintoxicos.com\/wp\/wp-content\/uploads\/2026\/05\/experiencias-1024x683.jpg 1024w, https:\/\/www.hogarsintoxicos.com\/wp\/wp-content\/uploads\/2026\/05\/experiencias-300x200.jpg 300w, https:\/\/www.hogarsintoxicos.com\/wp\/wp-content\/uploads\/2026\/05\/experiencias-768x512.jpg 768w, https:\/\/www.hogarsintoxicos.com\/wp\/wp-content\/uploads\/2026\/05\/experiencias.jpg 1536w\" sizes=\"auto, (max-width: 1024px) 100vw, 1024px\" \/><\/figure>\n\n\n\n<p>Cada vez m\u00e1s personas est\u00e1n comenzando a hacer peque\u00f1os cambios en su hogar y compartiendo c\u00f3mo se sienten ellos.<\/p>\n\n\n\n<p><strong>Si quieres ver experiencias reales, testimonios y cambios que otras personas est\u00e1n compartiendo..<\/strong><\/p>\n\n\n\n<p>Puedes entrar aqu\u00ed a nuestro canal privado de testimonios.<\/p>\n\n\n\n<div class=\"wp-block-buttons is-layout-flex wp-block-buttons-is-layout-flex\">\n<div class=\"wp-block-button\"><a class=\"wp-block-button__link wp-element-button\" href=\"https:\/\/t.me\/c\/3538263420\/7\">Mira aqu\u00ed<\/a><\/div>\n<\/div>\n","protected":false},"excerpt":{"rendered":"<p>Cada vez m\u00e1s personas est\u00e1n comenzando a hacer peque\u00f1os cambios en su hogar y compartiendo c\u00f3mo se sienten ellos. Si quieres ver experiencias reales, testimonios y cambios que otras personas est\u00e1n compartiendo.. Puedes entrar aqu\u00ed a nuestro canal privado de testimonios.<\/p>\n","protected":false},"author":1,"featured_media":0,"parent":0,"menu_order":0,"comment_status":"closed","ping_status":"closed","template":"","meta":{"footnotes":""},"class_list":["post-175","page","type-page","status-publish","hentry"],"_links":{"self":[{"href":"https:\/\/www.hogarsintoxicos.com\/index.php?rest_route=\/wp\/v2\/pages\/175","targetHints":{"allow":["GET"]}}],"collection":[{"href":"https:\/\/www.hogarsintoxicos.com\/index.php?rest_route=\/wp\/v2\/pages"}],"about":[{"href":"https:\/\/www.hogarsintoxicos.com\/index.php?rest_route=\/wp\/v2\/types\/page"}],"author":[{"embeddable":true,"href":"https:\/\/www.hogarsintoxicos.com\/index.php?rest_route=\/wp\/v2\/users\/1"}],"replies":[{"embeddable":true,"href":"https:\/\/www.hogarsintoxicos.com\/index.php?rest_route=%2Fwp%2Fv2%2Fcomments&post=175"}],"version-history":[{"count":3,"href":"https:\/\/www.hogarsintoxicos.com\/index.php?rest_route=\/wp\/v2\/pages\/175\/revisions"}],"predecessor-version":[{"id":181,"href":"https:\/\/www.hogarsintoxicos.com\/index.php?rest_route=\/wp\/v2\/pages\/175\/revisions\/181"}],"wp:attachment":[{"href":"https:\/\/www.hogarsintoxicos.com\/index.php?rest_route=%2Fwp%2Fv2%2Fmedia&parent=175"}],"curies":[{"name":"wp","href":"https:\/\/api.w.org\/{rel}","templated":true}]}}