{"id":182,"date":"2026-05-06T14:22:56","date_gmt":"2026-05-06T14:22:56","guid":{"rendered":"https:\/\/www.hogarsintoxicos.com\/?page_id=182"},"modified":"2026-05-06T14:27:54","modified_gmt":"2026-05-06T14:27:54","slug":"inicio-2","status":"publish","type":"page","link":"https:\/\/www.hogarsintoxicos.com\/","title":{"rendered":""},"content":{"rendered":"\n<figure class=\"wp-block-image alignwide size-large\"><img loading=\"lazy\" decoding=\"async\" width=\"1024\" height=\"683\" src=\"https:\/\/www.hogarsintoxicos.com\/wp\/wp-content\/uploads\/2026\/05\/INICIO-1024x683.jpg\" alt=\"\" class=\"wp-image-183\" srcset=\"https:\/\/www.hogarsintoxicos.com\/wp\/wp-content\/uploads\/2026\/05\/INICIO-1024x683.jpg 1024w, https:\/\/www.hogarsintoxicos.com\/wp\/wp-content\/uploads\/2026\/05\/INICIO-300x200.jpg 300w, https:\/\/www.hogarsintoxicos.com\/wp\/wp-content\/uploads\/2026\/05\/INICIO-768x512.jpg 768w, https:\/\/www.hogarsintoxicos.com\/wp\/wp-content\/uploads\/2026\/05\/INICIO.jpg 1536w\" sizes=\"auto, (max-width: 1024px) 100vw, 1024px\" \/><\/figure>\n\n\n\n<h2 class=\"wp-block-heading\">Un hogar m\u00e1s consciente comienza con primeros cambios<\/h2>\n\n\n\n<p>Cada vez m\u00e1s personas est\u00e1n comenzando a prestar atenci\u00f3n a *lo que respiran *lo que toca su piel *y lo que usan cada d\u00eda dentro de casa.<\/p>\n\n\n\n<p>No para vivir con miedo. Para vivir con m\u00e1s conciencia.<\/p>\n\n\n\n<div class=\"wp-block-buttons is-layout-flex wp-block-buttons-is-layout-flex\">\n<div class=\"wp-block-button\"><a class=\"wp-block-button__link wp-element-button\" href=\"https:\/\/wa.me\/34640549604?text=Hola,%20quiero%20empezar%20ya\">Quiero empezar<\/a><\/div>\n<\/div>\n\n\n\n<h2 class=\"wp-block-heading\">\u00bfPor qu\u00e9  cada vez m\u00e1s hogares est\u00e1n cambiando lo que usan?<\/h2>\n\n\n\n<ul class=\"wp-block-list\">\n<li>Disruptores endocrinos en productos cotidianos<\/li>\n\n\n\n<li>Perfumes y fragancias sint\u00e9ticas dentro del hogar<\/li>\n\n\n\n<li>Aire interior m\u00e1s contaminado de lo que imaginamos<\/li>\n\n\n\n<li>Lavander\u00eda y qu\u00edmicos que permanecen en la ropa<\/li>\n\n\n\n<li>Piel sensible y contacto diario con irritantes<\/li>\n\n\n\n<li>Beb\u00e9s m\u00e1s expuestos a sustancias innecesarias<\/li>\n\n\n\n<li>Mascotas viviendo sobre superficies qu\u00edmicas<\/li>\n<\/ul>\n\n\n\n<p>Cada peque\u00f1o cambio suma<\/p>\n\n\n\n<p>NO se trata de hacerlo perfecto<\/p>\n\n\n\n<p>Se trata de empezar a mirar diferente lo que usamos cada d\u00eda.<\/p>\n\n\n\n<div class=\"wp-block-buttons is-layout-flex wp-block-buttons-is-layout-flex\">\n<div class=\"wp-block-button\"><a class=\"wp-block-button__link wp-element-button\" href=\"https:\/\/wa.me\/34640549604?text=Hola,%20quiero%20empezar%20ya\">QUIERO EMPEZAR<\/a><\/div>\n<\/div>\n","protected":false},"excerpt":{"rendered":"<p>Un hogar m\u00e1s consciente comienza con primeros cambios Cada vez m\u00e1s personas est\u00e1n comenzando a prestar atenci\u00f3n a *lo que respiran *lo que toca su piel *y lo que usan cada d\u00eda dentro de casa. No para vivir con miedo. Para vivir con m\u00e1s conciencia. \u00bfPor qu\u00e9 cada vez m\u00e1s hogares est\u00e1n cambiando lo que [&hellip;]<\/p>\n","protected":false},"author":1,"featured_media":0,"parent":0,"menu_order":0,"comment_status":"closed","ping_status":"closed","template":"","meta":{"footnotes":""},"class_list":["post-182","page","type-page","status-publish","hentry"],"_links":{"self":[{"href":"https:\/\/www.hogarsintoxicos.com\/index.php?rest_route=\/wp\/v2\/pages\/182","targetHints":{"allow":["GET"]}}],"collection":[{"href":"https:\/\/www.hogarsintoxicos.com\/index.php?rest_route=\/wp\/v2\/pages"}],"about":[{"href":"https:\/\/www.hogarsintoxicos.com\/index.php?rest_route=\/wp\/v2\/types\/page"}],"author":[{"embeddable":true,"href":"https:\/\/www.hogarsintoxicos.com\/index.php?rest_route=\/wp\/v2\/users\/1"}],"replies":[{"embeddable":true,"href":"https:\/\/www.hogarsintoxicos.com\/index.php?rest_route=%2Fwp%2Fv2%2Fcomments&post=182"}],"version-history":[{"count":2,"href":"https:\/\/www.hogarsintoxicos.com\/index.php?rest_route=\/wp\/v2\/pages\/182\/revisions"}],"predecessor-version":[{"id":188,"href":"https:\/\/www.hogarsintoxicos.com\/index.php?rest_route=\/wp\/v2\/pages\/182\/revisions\/188"}],"wp:attachment":[{"href":"https:\/\/www.hogarsintoxicos.com\/index.php?rest_route=%2Fwp%2Fv2%2Fmedia&parent=182"}],"curies":[{"name":"wp","href":"https:\/\/api.w.org\/{rel}","templated":true}]}}