{"id":193,"date":"2026-05-06T14:40:31","date_gmt":"2026-05-06T14:40:31","guid":{"rendered":"https:\/\/www.hogarsintoxicos.com\/?page_id=193"},"modified":"2026-05-06T15:14:20","modified_gmt":"2026-05-06T15:14:20","slug":"limpieza","status":"publish","type":"page","link":"https:\/\/www.hogarsintoxicos.com\/?page_id=193","title":{"rendered":"Limpieza"},"content":{"rendered":"\n<p>Todo lo que usamos para limpiar el hogar tambi\u00e9n forma parte del aire que respiramos y de lo que toca nuestra piel cada d\u00eda.<\/p>\n\n\n\n<p><br>Aqu\u00ed encontrar\u00e1s informaci\u00f3n sobre lavander\u00eda, productos de limpieza y exposici\u00f3n qu\u00edmica en espacios cerrados.<\/p>\n\n\n\n<div class=\"wp-block-columns is-layout-flex wp-container-core-columns-is-layout-28f84493 wp-block-columns-is-layout-flex\">\n<div class=\"wp-block-column is-layout-flow wp-block-column-is-layout-flow\">\n<figure class=\"wp-block-image size-full\"><img loading=\"lazy\" decoding=\"async\" width=\"300\" height=\"168\" src=\"https:\/\/www.hogarsintoxicos.com\/wp\/wp-content\/uploads\/2026\/05\/lavanderia.jpg\" alt=\"limpieza low tox\" class=\"wp-image-133\"\/><\/figure>\n<\/div>\n\n\n\n<div class=\"wp-block-column is-layout-flow wp-block-column-is-layout-flow\">\n<figure class=\"wp-block-image size-large\"><img loading=\"lazy\" decoding=\"async\" width=\"1024\" height=\"683\" src=\"https:\/\/www.hogarsintoxicos.com\/wp\/wp-content\/uploads\/2026\/05\/LIMPIEZA-1024x683.jpg\" alt=\"Limpieza Profesional\" class=\"wp-image-170\" srcset=\"https:\/\/www.hogarsintoxicos.com\/wp\/wp-content\/uploads\/2026\/05\/LIMPIEZA-1024x683.jpg 1024w, https:\/\/www.hogarsintoxicos.com\/wp\/wp-content\/uploads\/2026\/05\/LIMPIEZA-300x200.jpg 300w, https:\/\/www.hogarsintoxicos.com\/wp\/wp-content\/uploads\/2026\/05\/LIMPIEZA-768x512.jpg 768w, https:\/\/www.hogarsintoxicos.com\/wp\/wp-content\/uploads\/2026\/05\/LIMPIEZA.jpg 1536w\" sizes=\"auto, (max-width: 1024px) 100vw, 1024px\" \/><\/figure>\n<\/div>\n<\/div>\n\n\n\n<div class=\"wp-block-columns is-layout-flex wp-container-core-columns-is-layout-28f84493 wp-block-columns-is-layout-flex\">\n<div class=\"wp-block-column is-layout-flow wp-block-column-is-layout-flow\">\n<p class=\"has-text-align-center\"><a href=\"https:\/\/www.hogarsintoxicos.com\/?page_id=29\">Lavander\u00eda<\/a><\/p>\n<\/div>\n\n\n\n<div class=\"wp-block-column is-layout-flow wp-block-column-is-layout-flow\">\n<p class=\"has-text-align-center\"><a href=\"https:\/\/www.hogarsintoxicos.com\/wp\/wp-admin\/post.php?post=167&amp;action=edit\">Limpieza profesional<\/a><\/p>\n<\/div>\n<\/div>\n\n\n\n<div class=\"wp-block-buttons is-layout-flex wp-block-buttons-is-layout-flex\">\n<div class=\"wp-block-button\"><a class=\"wp-block-button__link wp-element-button\" href=\"https:\/\/wa.me\/34640549604?text=Hola,%20quiero%20empezar%20ya\">QUIERO EMPEZAR<\/a><\/div>\n<\/div>\n\n\n\n<p><\/p>\n","protected":false},"excerpt":{"rendered":"<p>Todo lo que usamos para limpiar el hogar tambi\u00e9n forma parte del aire que respiramos y de lo que toca nuestra piel cada d\u00eda. Aqu\u00ed encontrar\u00e1s informaci\u00f3n sobre lavander\u00eda, productos de limpieza y exposici\u00f3n qu\u00edmica en espacios cerrados. Lavander\u00eda Limpieza profesional<\/p>\n","protected":false},"author":1,"featured_media":0,"parent":0,"menu_order":0,"comment_status":"closed","ping_status":"closed","template":"","meta":{"footnotes":""},"class_list":["post-193","page","type-page","status-publish","hentry"],"_links":{"self":[{"href":"https:\/\/www.hogarsintoxicos.com\/index.php?rest_route=\/wp\/v2\/pages\/193","targetHints":{"allow":["GET"]}}],"collection":[{"href":"https:\/\/www.hogarsintoxicos.com\/index.php?rest_route=\/wp\/v2\/pages"}],"about":[{"href":"https:\/\/www.hogarsintoxicos.com\/index.php?rest_route=\/wp\/v2\/types\/page"}],"author":[{"embeddable":true,"href":"https:\/\/www.hogarsintoxicos.com\/index.php?rest_route=\/wp\/v2\/users\/1"}],"replies":[{"embeddable":true,"href":"https:\/\/www.hogarsintoxicos.com\/index.php?rest_route=%2Fwp%2Fv2%2Fcomments&post=193"}],"version-history":[{"count":15,"href":"https:\/\/www.hogarsintoxicos.com\/index.php?rest_route=\/wp\/v2\/pages\/193\/revisions"}],"predecessor-version":[{"id":215,"href":"https:\/\/www.hogarsintoxicos.com\/index.php?rest_route=\/wp\/v2\/pages\/193\/revisions\/215"}],"wp:attachment":[{"href":"https:\/\/www.hogarsintoxicos.com\/index.php?rest_route=%2Fwp%2Fv2%2Fmedia&parent=193"}],"curies":[{"name":"wp","href":"https:\/\/api.w.org\/{rel}","templated":true}]}}