{"id":22,"date":"2026-05-05T15:27:44","date_gmt":"2026-05-05T15:27:44","guid":{"rendered":"https:\/\/www.hogarsintoxicos.com\/wp\/?page_id=22"},"modified":"2026-05-05T20:06:28","modified_gmt":"2026-05-05T20:06:28","slug":"mascotas","status":"publish","type":"page","link":"https:\/\/www.hogarsintoxicos.com\/?page_id=22","title":{"rendered":"Mascotas"},"content":{"rendered":"\n<figure class=\"wp-block-image alignfull size-full\"><img loading=\"lazy\" decoding=\"async\" width=\"900\" height=\"600\" src=\"https:\/\/www.hogarsintoxicos.com\/wp\/wp-content\/uploads\/2026\/05\/mascotas-1.jpg\" alt=\"\" class=\"wp-image-85\" srcset=\"https:\/\/www.hogarsintoxicos.com\/wp\/wp-content\/uploads\/2026\/05\/mascotas-1.jpg 900w, https:\/\/www.hogarsintoxicos.com\/wp\/wp-content\/uploads\/2026\/05\/mascotas-1-300x200.jpg 300w, https:\/\/www.hogarsintoxicos.com\/wp\/wp-content\/uploads\/2026\/05\/mascotas-1-768x512.jpg 768w\" sizes=\"auto, (max-width: 900px) 100vw, 900px\" \/><\/figure>\n\n\n\n<h2 class=\"wp-block-heading\">Tu hogar puede estar afectando a tu mascota .. y no lo sabes<\/h2>\n\n\n\n<p>Perros y gatos est\u00e1n en contacto constante con el suelo, el aire y las superficies de tu casa. Y eso influye m\u00e1s de lo que imaginas.<\/p>\n\n\n\n<div class=\"wp-block-buttons is-layout-flex wp-block-buttons-is-layout-flex\">\n<div class=\"wp-block-button\"><a class=\"wp-block-button__link wp-element-button\" href=\"https:\/\/wa.me\/34640549604?text=Hola,%20quiero%20la%20gu%C3%ADa%20para%20hacer%20mi%20hogar%20m%C3%A1s%20seguro\">QUIERO SABER M\u00c1S\u00a1\u00a1<\/a><\/div>\n<\/div>\n\n\n\n<p>Tu mascota no elige.<\/p>\n\n\n\n<p>Respira lo mismo que t\u00fa. Pisa lo que acabas de limpiar. Se tumba en superficies que parecen limpias&#8230; pero no siempre lo est\u00e1n.<\/p>\n\n\n\n<p>Y adem\u00e1s..<\/p>\n\n\n\n<ul class=\"wp-block-list\">\n<li>su cuerpo es peque\u00f1o<\/li>\n\n\n\n<li>y m\u00e1s sensible<\/li>\n<\/ul>\n\n\n\n<p>Ellos pasan m\u00e1s tiempo:<\/p>\n\n\n\n<ul class=\"wp-block-list\">\n<li>en el suelo<\/li>\n\n\n\n<li>Lami\u00e9ndose las patas<\/li>\n\n\n\n<li>En contacto directo con superficies.<\/li>\n<\/ul>\n\n\n\n<p>Todo entra en su organismo.. sin filtros<\/p>\n\n\n\n<p><strong>Y aqu\u00ed hay algo que nadie tiene en cuenta<\/strong>:<\/p>\n\n\n\n<p>Lo que usas para limpiar tu casa.. tambi\u00e9n les afecta a ellos.<\/p>\n\n\n\n<p><strong>En muchos hogares hay exposici\u00f3n diaria a:<\/strong><\/p>\n\n\n\n<ul class=\"wp-block-list\">\n<li>Productos de limpieza con qu\u00edmicos agresivos<\/li>\n\n\n\n<li>Ambientadores artificiales en espacios cerrados<\/li>\n\n\n\n<li>Detergentes que quedan en mantas y camas<\/li>\n\n\n\n<li>Residuos en suelos reci\u00e9n fregados<\/li>\n<\/ul>\n\n\n\n<p><strong>Se trata de entender que su exposici\u00f3n es mayor y que su cuerpo lo gestiona de forma diferente.<\/strong><\/p>\n\n\n\n<h2 class=\"wp-block-heading\">Puedes comenzar por cosas muy basicas:<\/h2>\n\n\n\n<ul class=\"wp-block-list\">\n<li>Evitar fregar con productos agresivos<\/li>\n\n\n\n<li>Reducir ambientadores en casa<\/li>\n\n\n\n<li>Elegir productos m\u00e1s suaves y seguros<\/li>\n\n\n\n<li>Ventilar los espacios a diario<\/li>\n\n\n\n<li>Revisar lo que toca su piel constantemente<\/li>\n<\/ul>\n\n\n\n<p>No se trata de hacerlo perfecto.<\/p>\n\n\n\n<h2 class=\"wp-block-heading\">Se trata de ser consciente y empezar a tomar mejores decisiones<\/h2>\n\n\n\n<ul class=\"wp-block-list\">\n<li>Un entorno m\u00e1s seguro para tu mascota.<\/li>\n\n\n\n<li>Menos carga innecesaria para su organismo<\/li>\n\n\n\n<li>M\u00e1s tranquilidad para t\u00ed<\/li>\n\n\n\n<li>Y un hogar m\u00e1s saludable en general<\/li>\n<\/ul>\n\n\n\n<p><strong>Porque cuando entiendes esto..<\/strong>.ya no limpias igual<\/p>\n\n\n\n<div class=\"wp-block-buttons is-layout-flex wp-block-buttons-is-layout-flex\">\n<div class=\"wp-block-button\"><a class=\"wp-block-button__link wp-element-button\" href=\"https:\/\/wa.me\/34640549604?text=Hola,%20quiero%20la%20gu%C3%ADa%20para%20hacer%20mi%20hogar%20m%C3%A1s%20seguro\">QUIERO EMPEZAR<\/a><\/div>\n<\/div>\n\n\n\n<p><\/p>\n","protected":false},"excerpt":{"rendered":"<p>Tu hogar puede estar afectando a tu mascota .. y no lo sabes Perros y gatos est\u00e1n en contacto constante con el suelo, el aire y las superficies de tu casa. Y eso influye m\u00e1s de lo que imaginas. Tu mascota no elige. Respira lo mismo que t\u00fa. Pisa lo que acabas de limpiar. Se [&hellip;]<\/p>\n","protected":false},"author":1,"featured_media":0,"parent":0,"menu_order":6,"comment_status":"closed","ping_status":"closed","template":"","meta":{"footnotes":""},"class_list":["post-22","page","type-page","status-publish","hentry"],"_links":{"self":[{"href":"https:\/\/www.hogarsintoxicos.com\/index.php?rest_route=\/wp\/v2\/pages\/22","targetHints":{"allow":["GET"]}}],"collection":[{"href":"https:\/\/www.hogarsintoxicos.com\/index.php?rest_route=\/wp\/v2\/pages"}],"about":[{"href":"https:\/\/www.hogarsintoxicos.com\/index.php?rest_route=\/wp\/v2\/types\/page"}],"author":[{"embeddable":true,"href":"https:\/\/www.hogarsintoxicos.com\/index.php?rest_route=\/wp\/v2\/users\/1"}],"replies":[{"embeddable":true,"href":"https:\/\/www.hogarsintoxicos.com\/index.php?rest_route=%2Fwp%2Fv2%2Fcomments&post=22"}],"version-history":[{"count":5,"href":"https:\/\/www.hogarsintoxicos.com\/index.php?rest_route=\/wp\/v2\/pages\/22\/revisions"}],"predecessor-version":[{"id":86,"href":"https:\/\/www.hogarsintoxicos.com\/index.php?rest_route=\/wp\/v2\/pages\/22\/revisions\/86"}],"wp:attachment":[{"href":"https:\/\/www.hogarsintoxicos.com\/index.php?rest_route=%2Fwp%2Fv2%2Fmedia&parent=22"}],"curies":[{"name":"wp","href":"https:\/\/api.w.org\/{rel}","templated":true}]}}