{"id":29,"date":"2026-05-05T15:33:11","date_gmt":"2026-05-05T15:33:11","guid":{"rendered":"https:\/\/www.hogarsintoxicos.com\/wp\/?page_id=29"},"modified":"2026-05-06T08:36:02","modified_gmt":"2026-05-06T08:36:02","slug":"lavanderia","status":"publish","type":"page","link":"https:\/\/www.hogarsintoxicos.com\/?page_id=29","title":{"rendered":"Lavander\u00eda"},"content":{"rendered":"\n<figure class=\"wp-block-image alignfull size-full\"><img loading=\"lazy\" decoding=\"async\" width=\"300\" height=\"168\" src=\"https:\/\/www.hogarsintoxicos.com\/wp\/wp-content\/uploads\/2026\/05\/lavanderia.jpg\" alt=\"\" class=\"wp-image-133\"\/><\/figure>\n\n\n\n<p>La ropa tambi\u00e9n puede afectar c\u00f3mo te sientes<br>Muchas personas piensan que los t\u00f3xicos del hogar solo est\u00e1n en los productos de limpieza.<\/p>\n\n\n\n<p><br>Pero la ropa que usamos todos los d\u00edas tambi\u00e9n entra en contacto directo con nuestra piel durante horas.<\/p>\n\n\n\n<p><br>Detergentes muy agresivos, perfumes intensos y suavizantes sint\u00e9ticos pueden quedarse impregnados en:<br>la ropa,<br>las s\u00e1banas,<br>las toallas,<br>y hasta en la ropa de beb\u00e9s.<\/p>\n\n\n\n<p><br>Y en algunas personas esto puede generar:<br>picor,<br>irritaci\u00f3n,<br>sensibilidad,<br>molestias respiratorias,<br>o dolores de cabeza por el exceso de fragancias.<br><\/p>\n\n\n\n<p>Oler \u201cmuy fuerte\u201d no siempre significa limpio<br>Durante a\u00f1os nos ense\u00f1aron que la ropa \u201climpia\u201d ten\u00eda que oler intensamente.<\/p>\n\n\n\n<p><br>Pero muchas veces ese olor viene de perfumes sint\u00e9ticos que permanecen en las telas incluso despu\u00e9s del lavado.<\/p>\n\n\n\n<p><br>Cada vez m\u00e1s familias est\u00e1n buscando una lavander\u00eda:<br>m\u00e1s suave,<br>m\u00e1s consciente,<br>m\u00e1s eficiente<br>y con menos qu\u00edmicos innecesarios.<\/p>\n\n\n\n<p><br>Especialmente importante si tienes:<br>beb\u00e9s o ni\u00f1os peque\u00f1os,<br>piel sensible,<br>mascotas,<br>alergias,<br>sensibilidad sensorial,<\/p>\n\n\n\n<p><br>o personas con TEA en casa.<br>Porque pasamos muchas horas al d\u00eda en contacto con nuestra ropa y nuestra cama.<\/p>\n\n\n\n<h2 class=\"wp-block-heading\"><br>Lo que yo cambi\u00e9 en mi casa<br>Empec\u00e9 a cambiar poco a poco:<br>detergentes muy perfumados,<br>suavizantes agresivos,<br>y productos que dejaban olor qu\u00edmico en la ropa.<\/h2>\n\n\n\n<p><br>Y descubr\u00ed que no hace falta usar productos fuertes para que la ropa quede realmente limpia.<br><\/p>\n\n\n\n<p>Hoy prefiero opciones m\u00e1s concentradas, m\u00e1s suaves y m\u00e1s conscientes para mi hogar.<\/p>\n\n\n\n<div class=\"wp-block-buttons is-layout-flex wp-block-buttons-is-layout-flex\">\n<div class=\"wp-block-button\"><a class=\"wp-block-button__link wp-element-button\" href=\"https:\/\/wa.me\/34640549604?text=Hola%20%F0%9F%98%8A%20quiero%20empezar%20a%20cambiar%20productos%20de%20mi%20casa%20por%20opciones%20m%C3%A1s%20seguras.\">Quiero saber por d\u00f3nde empezar<\/a><\/div>\n<\/div>\n","protected":false},"excerpt":{"rendered":"<p>La ropa tambi\u00e9n puede afectar c\u00f3mo te sientesMuchas personas piensan que los t\u00f3xicos del hogar solo est\u00e1n en los productos de limpieza. Pero la ropa que usamos todos los d\u00edas tambi\u00e9n entra en contacto directo con nuestra piel durante horas. Detergentes muy agresivos, perfumes intensos y suavizantes sint\u00e9ticos pueden quedarse impregnados en:la ropa,las s\u00e1banas,las toallas,y [&hellip;]<\/p>\n","protected":false},"author":1,"featured_media":0,"parent":0,"menu_order":5,"comment_status":"closed","ping_status":"closed","template":"","meta":{"footnotes":""},"class_list":["post-29","page","type-page","status-publish","hentry"],"_links":{"self":[{"href":"https:\/\/www.hogarsintoxicos.com\/index.php?rest_route=\/wp\/v2\/pages\/29","targetHints":{"allow":["GET"]}}],"collection":[{"href":"https:\/\/www.hogarsintoxicos.com\/index.php?rest_route=\/wp\/v2\/pages"}],"about":[{"href":"https:\/\/www.hogarsintoxicos.com\/index.php?rest_route=\/wp\/v2\/types\/page"}],"author":[{"embeddable":true,"href":"https:\/\/www.hogarsintoxicos.com\/index.php?rest_route=\/wp\/v2\/users\/1"}],"replies":[{"embeddable":true,"href":"https:\/\/www.hogarsintoxicos.com\/index.php?rest_route=%2Fwp%2Fv2%2Fcomments&post=29"}],"version-history":[{"count":4,"href":"https:\/\/www.hogarsintoxicos.com\/index.php?rest_route=\/wp\/v2\/pages\/29\/revisions"}],"predecessor-version":[{"id":137,"href":"https:\/\/www.hogarsintoxicos.com\/index.php?rest_route=\/wp\/v2\/pages\/29\/revisions\/137"}],"wp:attachment":[{"href":"https:\/\/www.hogarsintoxicos.com\/index.php?rest_route=%2Fwp%2Fv2%2Fmedia&parent=29"}],"curies":[{"name":"wp","href":"https:\/\/api.w.org\/{rel}","templated":true}]}}