{"id":93,"date":"2026-05-05T19:29:38","date_gmt":"2026-05-05T19:29:38","guid":{"rendered":"https:\/\/www.hogarsintoxicos.com\/wp\/?page_id=93"},"modified":"2026-05-06T07:36:03","modified_gmt":"2026-05-06T07:36:03","slug":"sobre-mi","status":"publish","type":"page","link":"https:\/\/www.hogarsintoxicos.com\/?page_id=93","title":{"rendered":"Sobre m\u00ed"},"content":{"rendered":"\n<figure class=\"wp-block-image size-large\"><img loading=\"lazy\" decoding=\"async\" width=\"733\" height=\"1024\" src=\"https:\/\/www.hogarsintoxicos.com\/wp\/wp-content\/uploads\/2026\/05\/sonia-foto-733x1024.jpg\" alt=\"\" class=\"wp-image-109\" srcset=\"https:\/\/www.hogarsintoxicos.com\/wp\/wp-content\/uploads\/2026\/05\/sonia-foto-733x1024.jpg 733w, https:\/\/www.hogarsintoxicos.com\/wp\/wp-content\/uploads\/2026\/05\/sonia-foto-215x300.jpg 215w, https:\/\/www.hogarsintoxicos.com\/wp\/wp-content\/uploads\/2026\/05\/sonia-foto-768x1073.jpg 768w, https:\/\/www.hogarsintoxicos.com\/wp\/wp-content\/uploads\/2026\/05\/sonia-foto.jpg 800w\" sizes=\"auto, (max-width: 733px) 100vw, 733px\" \/><\/figure>\n\n\n\n<p><strong>Soy Sonia de la Cuadra, y ayudo a familias a crear hogares m\u00e1s seguros, m\u00e1s conscientes y con menos qu\u00edmicos innecesarios.<\/strong><\/p>\n\n\n\n<p><br>Durante a\u00f1os, como muchas personas, us\u00e9 productos \u201cnormales\u201d para limpiar, lavar la ropa o perfumar la casa sin cuestionarme demasiado qu\u00e9 estaba respirando mi familia, qu\u00e9 tocaba nuestra piel o qu\u00e9 quedaba en el ambiente.<\/p>\n\n\n\n<p><br>Hasta que entend\u00ed algo muy simple:<br>No solo importa lo que comemos. Tambi\u00e9n importa lo que usamos cada d\u00eda en casa.<br>Por eso hoy comparto alternativas m\u00e1s seguras para el hogar, especialmente para familias con ni\u00f1os, mascotas, piel sensible o personas con alta sensibilidad sensorial.<\/p>\n\n\n\n<p><br>Mi objetivo no es asustarte ni complicarte la vida.<br>Mi objetivo es ayudarte a empezar poco a poco, cambiando productos habituales por opciones m\u00e1s conscientes, eficaces y f\u00e1ciles de usar.<br>Porque un hogar limpio no deber\u00eda oler a qu\u00edmico fuerte.<\/p>\n\n\n\n<p><br>Y cuidar tu casa tambi\u00e9n puede ser una forma de cuidar tu salud.<br>Si quieres saber por d\u00f3nde empezar, puedes escribirme por WhatsApp y te cuento c\u00f3mo hacerlo de forma sencilla.<\/p>\n","protected":false},"excerpt":{"rendered":"<p>Soy Sonia de la Cuadra, y ayudo a familias a crear hogares m\u00e1s seguros, m\u00e1s conscientes y con menos qu\u00edmicos innecesarios. Durante a\u00f1os, como muchas personas, us\u00e9 productos \u201cnormales\u201d para limpiar, lavar la ropa o perfumar la casa sin cuestionarme demasiado qu\u00e9 estaba respirando mi familia, qu\u00e9 tocaba nuestra piel o qu\u00e9 quedaba en el [&hellip;]<\/p>\n","protected":false},"author":1,"featured_media":0,"parent":0,"menu_order":10,"comment_status":"closed","ping_status":"closed","template":"","meta":{"footnotes":""},"class_list":["post-93","page","type-page","status-publish","hentry"],"_links":{"self":[{"href":"https:\/\/www.hogarsintoxicos.com\/index.php?rest_route=\/wp\/v2\/pages\/93","targetHints":{"allow":["GET"]}}],"collection":[{"href":"https:\/\/www.hogarsintoxicos.com\/index.php?rest_route=\/wp\/v2\/pages"}],"about":[{"href":"https:\/\/www.hogarsintoxicos.com\/index.php?rest_route=\/wp\/v2\/types\/page"}],"author":[{"embeddable":true,"href":"https:\/\/www.hogarsintoxicos.com\/index.php?rest_route=\/wp\/v2\/users\/1"}],"replies":[{"embeddable":true,"href":"https:\/\/www.hogarsintoxicos.com\/index.php?rest_route=%2Fwp%2Fv2%2Fcomments&post=93"}],"version-history":[{"count":3,"href":"https:\/\/www.hogarsintoxicos.com\/index.php?rest_route=\/wp\/v2\/pages\/93\/revisions"}],"predecessor-version":[{"id":110,"href":"https:\/\/www.hogarsintoxicos.com\/index.php?rest_route=\/wp\/v2\/pages\/93\/revisions\/110"}],"wp:attachment":[{"href":"https:\/\/www.hogarsintoxicos.com\/index.php?rest_route=%2Fwp%2Fv2%2Fmedia&parent=93"}],"curies":[{"name":"wp","href":"https:\/\/api.w.org\/{rel}","templated":true}]}}